{"id":48,"date":"2017-11-27T17:04:11","date_gmt":"2017-11-27T16:04:11","guid":{"rendered":"http:\/\/fc-viechtach.de\/?page_id=48"},"modified":"2020-07-21T16:42:29","modified_gmt":"2020-07-21T15:42:29","slug":"satzung","status":"publish","type":"page","link":"https:\/\/fc-viechtach.de\/?page_id=48","title":{"rendered":"Satzung"},"content":{"rendered":"<p style=\"text-align: center;\"><span style=\"font-size: 14pt; color: #0000ff;\"><strong>Satzung (Neufassung) vom 19.03.1982<\/strong><\/span><br \/>\n<span style=\"font-size: 14pt; color: #0000ff;\"><strong>In der Fassung der \u00c4nderungssatzung vom<\/strong><\/span><br \/>\n<span style=\"font-size: 14pt; color: #0000ff;\"><strong>07. April 2018<\/strong><\/span><\/p>\n<p>&nbsp;<\/p>\n<p>&nbsp;<\/p>\n<p style=\"text-align: left;\"><span style=\"text-decoration: underline;\"><strong><span style=\"font-size: 14pt;\">\u00a71 Zweck<\/span><\/strong><\/span><\/p>\n<p>&nbsp;<\/p>\n<p style=\"text-align: left;\">1. Der 1. FC 1919 Viechtach e.V. mit Sitz in Viechtach verfolgt ausschlie\u00dflich und unmittelbar gemeinn\u00fctzige Zwecke im Sinne des Abschnitts \u201eSteuerbeg\u00fcnstigte Zwecke\u201c der Abgabenordnung.<\/p>\n<p style=\"text-align: left;\">2. Der Verein hat den Zweck, das Sportwesen zu f\u00f6rdern, den Geist und den K\u00f6rper zu kr\u00e4ftigen und gute Sitten zu pflegen. Alle parteipolitischen Bestrebungen sind ausgeschlossen. Der Verein steht auf demokratischer Grundlage.<\/p>\n<p style=\"text-align: left;\">3. Der Satzungszweck wird verwirklicht insbesondere durch<br \/>\n(a) Abhaltung eines geordneten Fu\u00dfball- und Sportbetriebes sowie die Durchf\u00fchrung eines geordneten und regelm\u00e4\u00dfigen Trainings.<br \/>\n(b) Abhaltung von Versammlungen, Vortr\u00e4gen und Kursen. Veranstaltungen bzw. Teilnahme an Wanderungen und<br \/>\ndergleichen.<br \/>\n(c) Ausbildung und Einsatz von sachgem\u00e4\u00df ausgebildeten \u00dcbungsleitern.<br \/>\n(d) Zugeh\u00f6rigkeit zum Bayerischen Landessportverband.<\/p>\n<p style=\"text-align: left;\">4. Der Verein ist selbstlos t\u00e4tig, er verfolgt nicht in erster Linie eigenwirtschaftliche Zwecke.<\/p>\n<p style=\"text-align: left;\">5. Mittel des Vereins d\u00fcrfen nur f\u00fcr die satzungsgem\u00e4\u00dfen Zwecke verwendet werden.\u00a0 Die Mitglieder erhalten keine Zuwendung aus Mitteln des Vereins.<\/p>\n<p style=\"text-align: left;\">6. (a)Aufwandsentsch\u00e4digungen k\u00f6nnen an Mitglieder geleistet werden.<br \/>\n(b) Der Verein kann besondere T\u00e4tigkeiten der Mitglieder f\u00fcr den Verein, angemessen verg\u00fcten.<\/p>\n<p>&nbsp;<\/p>\n<p style=\"text-align: left;\"><span style=\"text-decoration: underline;\"><strong><span style=\"font-size: 14pt;\">\u00a72 Name und Sitz<\/span><\/strong><\/span><\/p>\n<p>&nbsp;<\/p>\n<p style=\"text-align: left;\">Der Verein f\u00fchrt den Namen \u201e1. FC 1919 Viechtach\u201c, hat seinen Sitz in Viechtach und ist im Vereinsregister des Amtsgerichts Viechtach eingetragen. Er f\u00fchrt den Namenszusatz e.V..<\/p>\n<p>&nbsp;<\/p>\n<p style=\"text-align: left;\"><span style=\"text-decoration: underline;\"><strong><span style=\"font-size: 14pt;\">\u00a73 Ein- und Austritt der Mitglieder<\/span><\/strong><\/span><\/p>\n<p>&nbsp;<\/p>\n<p style=\"text-align: left;\">1. Die Zahl der Mitglieder ist unbegrenzt. Einschr\u00e4nkungen auf bestimmte Personenkreise aus rassischen, religi\u00f6sen oder politischen Gr\u00fcnden sind nicht statthaft.<\/p>\n<p style=\"text-align: left;\">2. Der Verein besteht aus ordentlichen, d.h. aktiven und passiven Mitgliedern. Ordentliches Mitglied kann jeder Ehrenhafte beiderlei Geschlechts werden, der das 5. Lebensjahr zur\u00fcckgelegt hat. Aktive sind solche, die sich in einer oder mehreren Abteilungen sportlich bet\u00e4tigen.<br \/>\nPassive solche, die in keiner Abteilung t\u00e4tig sind.<\/p>\n<p style=\"text-align: left;\">3. Mitglieder, die dem Verein langj\u00e4hrig angeh\u00f6ren oder angeh\u00f6rt haben werden zeitweilig geehrt.<\/p>\n<p style=\"text-align: left;\">4. Die Aufnahme als ordentliches Mitglied kann nur schriftlich erfolgen. Die Austrittserkl\u00e4rung hat schriftlich zu erfolgen. Mit dem Eintreffen derselben endigen, vorbehaltlich der Bestimmungen \u00fcber die Beitr\u00e4ge, die Rechte und Pflichten der Mitgliedschaft.<\/p>\n<p style=\"text-align: left;\">5. Die Streichung aus dem Mitgliederverzeichnis kann der Vereinsausschuss vornehmen, wenn Mitglieder trotz erfolgter Mahnung drei Monate mit der Bezahlung ihrer Beitr\u00e4ge in R\u00fcckstand geblieben sind oder allenfalsigen Entsch\u00e4digungsverpflichtungen in dieser Zeit<br \/>\nnicht nachgekommen sind. Die Streichung entbindet nicht von der Forderung des Vereins an den Ausgeschiedenen.<\/p>\n<p style=\"text-align: left;\">6. Der Ausschluss der Mitgliedschaft erfolgt bei:<br \/>\na) Bei groben oder wiederholten Verst\u00f6\u00dfen gegen die Vereinssatzung<br \/>\nb) Bei unehrenhaftem Betragen sowohl innerhalb als auch au\u00dferhalb des Vereinslebens oder bei Verlust der b\u00fcrgerlichen Ehrenrechte.<br \/>\nc) In leichteren F\u00e4llen kann zeitweiliger Ausschluss erfolgen.<\/p>\n<p style=\"text-align: left;\">7. \u00dcber den Ausschluss eines Mitgliedes entscheidet in erster Linie der Vereinsausschuss. Gegen seinen Beschluss steht dem Betroffenen<br \/>\nbinnen zwei Wochen (gerechnet von der Zustellung des Ausschlusses ab) das Einspruchrecht zur ordentlichen Mitgliederversammlung zu, die dann endg\u00fcltig entscheidet. Abstimmungen \u00fcber den Ausschluss eines Mitgliedes erfolgen in beiden Instanzen nur mit Stimmzettel. Dem Betroffenen ist vor beiden Instanzen Gelegenheit zur pers\u00f6nlichen Rechtfertigung zu geben.<\/p>\n<p>&nbsp;<\/p>\n<p style=\"text-align: left;\"><span style=\"text-decoration: underline; font-size: 14pt;\"><strong>\u00a74 Rechte und Pflichten der Mitglieder<\/strong><\/span><\/p>\n<p>&nbsp;<\/p>\n<p style=\"text-align: left;\">Alle ordentlichen Mitglieder haben in allen Versammlungen beratende und beschlie\u00dfende Stimme und sind Teilhaber am Vereinsverm\u00f6gen und Vereinseigentum. Eine Sonderstellung einzelner Mitglieder in der Benutzung von Vereinseinrichtungen ist nicht statthaft. Die Mitglieder erhalten keine Gewinnanteile und in ihrer Eigenschaft als Mitglieder auch keine Zuwendungen aus Mitteln des Vereins.<\/p>\n<p>&nbsp;<\/p>\n<p style=\"text-align: left;\"><span style=\"text-decoration: underline; font-size: 14pt;\"><strong>\u00a75 Mitgliedsbeitr\u00e4ge<\/strong><\/span><\/p>\n<p>&nbsp;<\/p>\n<p style=\"text-align: left;\">1. Jedes Mitglied hat einen Jahresbeitrag zu zahlen.<br \/>\n2. Die jeweilige H\u00f6he bestimmt die Jahreshauptversammlung.<br \/>\n3. Ehrenmitglieder sind von der Beitragspflicht befreit. Kinder, Jugendliche, Studenten bzw. Wehrdienstleistende mit entsprechender Bescheinigung zahlen einen erm\u00e4\u00dfigten Beitrag. Ein Erlass kann nur in besonderen F\u00e4llen erfolgen.<\/p>\n<p>&nbsp;<\/p>\n<p style=\"text-align: left;\"><span style=\"text-decoration: underline; font-size: 14pt;\"><strong>\u00a76 Einnahmen und Ausgaben<\/strong><\/span><\/p>\n<p>&nbsp;<\/p>\n<p style=\"text-align: left;\">1. Die Einnahmen setzen sich zusammen aus den Jahresbeitr\u00e4gen der Mitglieder, den \u00dcbersch\u00fcssen aus den Veranstaltungen, freiwilligen<br \/>\nSpenden und dergleichen.<\/p>\n<p style=\"text-align: left;\">2. Die mit einem Ehrenamt betrauten haben nur Ersatzanspruch f\u00fcr tats\u00e4chlich erfolgte Auslagen. Keine Person darf durch Ausgaben, die dem Satzungszweck fremd sind oder durch unverh\u00e4ltnism\u00e4\u00dfig hohe Verg\u00fctung bedacht werden.<\/p>\n<p>&nbsp;<\/p>\n<p style=\"text-align: left;\"><span style=\"text-decoration: underline; font-size: 14pt;\"><strong>\u00a77 Organe des Vereins<\/strong><\/span><\/p>\n<p>&nbsp;<\/p>\n<p style=\"text-align: left;\">Organe des Vereins sind:<\/p>\n<p style=\"text-align: left;\">1. Der Vorstand im Sinne des \u00a726 BGB<br \/>\n2. Der Vereinsausschuss<br \/>\n3. Die Mitgliederversammlung<\/p>\n<p>&nbsp;<\/p>\n<p style=\"text-align: left;\"><span style=\"text-decoration: underline; font-size: 14pt;\"><strong>\u00a78 Vorstand im Sinne des \u00a726 BGB<\/strong><\/span><\/p>\n<p>&nbsp;<\/p>\n<p style=\"text-align: left;\">1. Der Vorstand im Sinne des \u00a726 BGB besteht aus:<br \/>\n(a) dem 1. Vorsitzenden<br \/>\n(b) dem 2. Vorsitzenden<br \/>\n(c) dem Kassier<\/p>\n<p style=\"text-align: left;\">2. Der Vorstand vertritt den Verein gerichtlich und au\u00dfergerichtlich. Jedes Mitglied des Vorstandes ist einzelvertretungsberechtigt. Im Innenverh\u00e4ltnis sind der 2. Vorsitzende und der Kassier dem Verein gegen\u00fcber verpflichtet, das Vorstandsamt nur bei Verhinderung des 1. Vorsitzenden bzw. des 2. Vorsitzenden auszu\u00fcben.<\/p>\n<p>&nbsp;<\/p>\n<p style=\"text-align: left;\">3. Die Vertretungsmacht des Vorstandes ist im Innenverh\u00e4ltnis in der Weise beschr\u00e4nkt, dass zu Willensbildungen, die den Verein mit einem Betrag von mehr als \u20ac 2.500,00 belasten, die Zustimmung des Vorstands sowie bei Betr\u00e4gen \u00fcber \u20ac 5.000,00 die Zustimmung des<br \/>\nVereinsausschusses erfolgt ist und die Beschlussfassung \u00fcber Erwerb, Belastung und Ver\u00e4u\u00dferung von unbeweglichem Verm\u00f6gen der<br \/>\nZustimmung der Mitgliederversammlung bedarf. Der Vorstand f\u00fchrt die einfachen Gesch\u00e4fte der laufenden Verwaltung selbst\u00e4ndig.<\/p>\n<p>&nbsp;<\/p>\n<p style=\"text-align: left;\">4. Der 1. Vorsitzende bei seiner Verhinderung der 2. Vorsitzende oder der Kassier (nur bei Verhinderung auch des 2. Vorsitzenden) beruft die Sitzung und Versammlung und leitet diese.<\/p>\n<p>&nbsp;<\/p>\n<p style=\"text-align: left;\"><span style=\"text-decoration: underline; font-size: 14pt;\"><strong>\u00a79 Vereinsausschuss<\/strong><\/span><\/p>\n<p>&nbsp;<\/p>\n<p style=\"text-align: left;\">Der Vereinsausschuss besteht aus:<br \/>\n1. Der Vorstand im Sinne des \u00a726 BGB<br \/>\n2. 3. Vorstand<br \/>\n3. dem Schriftf\u00fchrer (in)<br \/>\n4. dem Jugendleiter (in) Kleinfeld<br \/>\n5. dem Jugendleiter (in) Gro\u00dffeld<br \/>\n6. dem Jugendkoordinator (in)<br \/>\n7. dem Leiter (in) Herrenabteilung<br \/>\n8. dem sportlichen Leiter (in)<br \/>\n9. dem Sprecher der aktiven Mitglieder<br \/>\n10.dem Sprecher der passiven Mitglieder<br \/>\n11. dem Ehrenamtsbeauftragten<br \/>\n12. dem Platz-\/Ger\u00e4tewart<\/p>\n<p>&nbsp;<\/p>\n<p style=\"text-align: left;\"><span style=\"text-decoration: underline; font-size: 14pt;\"><strong>\u00a710 Gemeinsame Bestimmungen f\u00fcr den Vorstand und Vereinsaussschuss<\/strong><\/span><\/p>\n<p>&nbsp;<\/p>\n<p style=\"text-align: left;\">1. Die Bestellung erfolgt durch Beschluss der Mitgliederversammlung. Zur G\u00fcltigkeit der Wahl des 1. Vorsitzenden muss der Kandidat mehr als die H\u00e4lfte der Stimmen der anwesenden Mitglieder auf sich vereinen. Ist durch Stimmensplittung infolge mehrerer Vorschl\u00e4ge eine absolute Mehrheit nicht erreicht worden, so ist in einem zweiten Wahlgang eine Stichwahl zwischen den beiden Kandidaten des ersten Wahlgangs vorzunehmen, die die meisten Stimmen auf sich vereinigen. Zur\u00a0G\u00fcltigkeit der Wahl der \u00fcbrigen Mitglieder ist die einfache Mehrheit der Stimmen der erschienenen Mitglieder erforderlich.<\/p>\n<p style=\"text-align: left;\">2. Die Amtsdauer betr\u00e4gt 2 Jahre. Die Gew\u00e4hlten bleiben jedoch bis zur satzungsgem\u00e4\u00dfen Bestellung der Nachfolger im Amt. Scheidet ein<br \/>\nMitglied vor Ablauf der Amtsperiode aus, so ist vom Vereinsausschuss innerhalb von 21 Tagen ein neues Mitglied f\u00fcr die Restzeit hinzu zu<br \/>\nw\u00e4hlen.<\/p>\n<p>&nbsp;<\/p>\n<p style=\"text-align: left;\"><span style=\"text-decoration: underline; font-size: 14pt;\"><strong>\u00a711 Mitgliederversammlungen<\/strong><\/span><\/p>\n<p>&nbsp;<\/p>\n<p style=\"text-align: left;\">1. Satzungsgem\u00e4\u00dfe Mitgliederversammlungen sind:<br \/>\na) die ordentliche Mitgliederversammlung (Hauptversammlung)<br \/>\nb) die au\u00dferordentliche Mitgliederversammlung<br \/>\nc) die Spielerversammlung<\/p>\n<p style=\"text-align: left;\">2. a) Die Hauptversammlung findet jeweils nach Abschluss des Kalenderjahres, also Anfang des Jahres statt.<br \/>\nb) Au\u00dferordentliche Mitgliederversammlungen haben stattzufinden, wenn<br \/>\n\u00b7 der Vorstand dies f\u00fcr notwendig h\u00e4lt<br \/>\n\u00b7 das Interesse des Vereins dies erfordert<br \/>\n\u00b7 mindestens der 5. Teil der Mitglieder dies schriftlich unter Angabe des Zwecks und der Gr\u00fcnde verlangt<br \/>\nc) Spielerversammlungen finden w\u00f6chentlich statt<\/p>\n<p style=\"text-align: left;\">3. a) Die Hauptversammlung obliegt vor allem<br \/>\n\u00b7 der Entgegennahme des T\u00e4tigkeitsberichts des Vorstandes und des Vereinsausschusses<br \/>\n\u00b7 die Neuwahlen des Vorstandes und des Vereinsausschusses<br \/>\n\u00b7 die Beschlussfassung \u00fcber die H\u00f6he der Mitgliedsbeitr\u00e4ge<br \/>\nb) Der au\u00dferordentlichen Mitgliederversammlung obliegt vor allem<br \/>\n\u00b7 die Regelung dringender, nicht bis zur n\u00e4chsten ordentlichen Mitgliederversammlung aufschiebbaren, Angelegenheiten<br \/>\n\u00b7 die Beschlussfassung \u00fcber Satzungs\u00e4nderungen<br \/>\nc) Die Sportversammlungen dienen vor allem<br \/>\n\u00b7 der Festlegung des Spielbetriebes<br \/>\n\u00b7 der Besprechung von Vereinsangelegenheiten und dem geselligen Beisammensein<\/p>\n<p>&nbsp;<\/p>\n<p style=\"text-align: left;\"><span style=\"text-decoration: underline;\"><strong><span style=\"font-size: 14pt;\">\u00a712 Verg\u00fctungen f\u00fcr die Vereinst\u00e4tigkeit<\/span><\/strong><\/span><\/p>\n<p>&nbsp;<\/p>\n<p style=\"text-align: left;\">1. Die Vereins\u00e4mter (Gesamtvorstandschaft) werden grunds\u00e4tzlich ehrenamtlich ausge\u00fcbt.<\/p>\n<p style=\"text-align: left;\">2. Bei Bedarf k\u00f6nnen Satzungs\u00e4mter und sonstige ehrenamtliche T\u00e4tigkeiten im Rahmen der haushaltsrechtlichen M\u00f6glichkeiten entgeltlich auf der Grundlage eines Vertrages oder gegen Zahlung einer Aufwandsentsch\u00e4digung nach \u00a7 3 Nr. 26a EstG (Ehrenamtspauschale) ausge\u00fcbt werden.<\/p>\n<p style=\"text-align: left;\">3. Die Entscheidung \u00fcber eine entgeltliche Vereinst\u00e4tigkeit trifft der Vorstand. Gleiches gilt f\u00fcr die Vertragsinhalte und Vertragsbeendigung.<\/p>\n<p style=\"text-align: left;\">4. Der Vorstand ist erm\u00e4chtigt, T\u00e4tigkeiten f\u00fcr den Verein gegen Zahlung einer angemessenen Verg\u00fctung oder Aufwandsentsch\u00e4digung zu beauftragen. Ma\u00dfgebend ist die Haushaltslage des Vereins.<\/p>\n<p style=\"text-align: left;\">5. Grunds\u00e4tzlich haben die Mitglieder des Vereins einen Aufwandsanspruch nach \u00a7 670 BGB f\u00fcr solche Aufwendungen, die Ihnen<br \/>\ndurch die T\u00e4tigkeit f\u00fcr den Verein entstanden sind.<\/p>\n<p style=\"text-align: left;\">6. Der Anspruch auf Aufwendungsersatz kann nur innerhalb einer Frist von 3 Monaten nach seiner Entstehung geltend gemacht werden.<br \/>\nErstattungen werden nur gew\u00e4hrt, wenn die Aufwendungen mit Belegen und Aufstellungen, die pr\u00fcff\u00e4hig sein m\u00fcssen, nachgewiesen werden.<\/p>\n<p style=\"text-align: left;\">7. Vom Vorstand k\u00f6nnen per Beschluss im Rahmen der steuerrechtlichen M\u00f6glichkeiten Grenzen \u00fcber die H\u00f6he des Aufwendungsersatzes festgesetzt werden.<\/p>\n<p>&nbsp;<\/p>\n<p style=\"text-align: left;\"><span style=\"text-decoration: underline; font-size: 14pt;\"><strong>\u00a713 Form der Berufung von Sitzungen und Versammlungen<\/strong><\/span><\/p>\n<p>&nbsp;<\/p>\n<p style=\"text-align: left;\">1. Die Sitzungen des Vorstandes und des Vereinsausschusses sind schriftlich unter Einhaltung einer Frist von mindestens 3 Tagen zu<br \/>\nberufen. Sitzungen des Vorstandes k\u00f6nnen in Einzelf\u00e4llen auch m\u00fcndlich (fernm\u00fcndlich) berufen werden.<\/p>\n<p style=\"text-align: left;\">2. Die Mitgliederversammlungen sind durch Zeitungsanzeige und durch Anschlag im Vereinslokal unter Angabe der Tagesordnung und unter Einhaltung einer Frist von mindestens 2 Wochen, h\u00f6chstens aber 4 Wochen zu berufen.<\/p>\n<p style=\"text-align: left;\">3. Sportversammlungen sind, wenn in ihr Beschl\u00fcsse gefasst werden sollen, in der Form des Absatzes 2 zu berufen, ansonsten gen\u00fcgt<br \/>\nAnschlag im Vereinslokal<\/p>\n<p>&nbsp;<\/p>\n<p style=\"text-align: left;\"><span style=\"text-decoration: underline; font-size: 14pt;\"><strong>\u00a714 Beurkundung der Beschl\u00fcss<\/strong><\/span><span style=\"text-decoration: underline; font-size: 14pt;\"><strong>e<\/strong><\/span><\/p>\n<p>&nbsp;<\/p>\n<p style=\"text-align: left;\">1. Die in den Sitzungen und Versammlungen gefassten Beschl\u00fcsse sind schriftlich niederzulegen und vom jeweiligen Versammlungsleiter zu unterzeichnen<\/p>\n<p>&nbsp;<\/p>\n<p style=\"text-align: left;\"><span style=\"text-decoration: underline; font-size: 14pt;\"><strong>\u00a715 Satzungs\u00e4nderungen<\/strong><\/span><\/p>\n<p>&nbsp;<\/p>\n<p style=\"text-align: left;\">Zu einem Beschluss, der die \u00c4nderung der Satzung enth\u00e4lt, ist eine Mehrheit von \u00be der erschienenen Mitglieder erforderlich.<\/p>\n<p>&nbsp;<\/p>\n<p style=\"text-align: left;\"><span style=\"text-decoration: underline; font-size: 14pt;\"><strong>\u00a716 Vereinsjahr<\/strong><\/span><\/p>\n<p>&nbsp;<\/p>\n<p style=\"text-align: left;\">Das Vereinsjahr ist das Kalenderjahr.<\/p>\n<p>&nbsp;<\/p>\n<p style=\"text-align: left;\"><span style=\"text-decoration: underline; font-size: 14pt;\"><strong>\u00a717 Aufl\u00f6sung<\/strong><\/span><\/p>\n<p>&nbsp;<\/p>\n<p style=\"text-align: left;\">1. L\u00f6st sich eine Abteilung aus, so f\u00e4llt deren Verm\u00f6gen und die Sportausr\u00fcstung auf den Hauptverein. Die Aufl\u00f6sung kann nur in einer<br \/>\nausschlie\u00dflich zu diesem Zweck einberufenen au\u00dferordentlichen Mitgliederversammlung beschlossen werden, in der mindestens 4\/5 des<br \/>\nMitgliederbestandes anwesend sind. Kommt eine Beschlussfassung nicht zustande, ist innerhalb von 14 Tagen eine weitere au\u00dferordentliche Mitgliederversammlung einzuberufen, die ohne R\u00fccksicht auf die Zahl der anwesenden Mitglieder beschlussf\u00e4hig ist.<\/p>\n<p style=\"text-align: left;\">2. Das nach der Aufl\u00f6sung des Vereins oder bei Wegfall steuerbeg\u00fcnstigter Zwecke verbleibende Verm\u00f6gen f\u00e4llt der Stadt Viechtach mit der Ma\u00dfgabe zu, es wiederum f\u00fcr gemeinn\u00fctzige Zwecke zu verwenden<\/p>\n<p style=\"text-align: left;\">3. Beschl\u00fcsse \u00fcber die Verm\u00f6gensverwendung im Falle der Aufl\u00f6sung bed\u00fcrfen vor ihrer Verwirklichung der Zustimmung des zust\u00e4ndigen Finanzamtes.<\/p>\n<p>&nbsp;<\/p>\n<p style=\"text-align: left;\"><span style=\"text-decoration: underline; font-size: 14pt;\"><strong>\u00a718 Gesetzliche Bestimmungen<\/strong><\/span><\/p>\n<p>&nbsp;<\/p>\n<p style=\"text-align: left;\">In Erg\u00e4nzung zu dieser Satzung gelten die Bestimmungen des BGB.<\/p>\n","protected":false},"excerpt":{"rendered":"<p>Satzung (Neufassung) vom 19.03.1982 In der Fassung der \u00c4nderungssatzung vom 07. April 2018 &nbsp; &nbsp; \u00a71 Zweck &nbsp; 1. Der 1. FC 1919 Viechtach e.V. mit Sitz in Viechtach verfolgt ausschlie\u00dflich und unmittelbar gemeinn\u00fctzige Zwecke im Sinne des Abschnitts \u201eSteuerbeg\u00fcnstigte Zwecke\u201c der Abgabenordnung. 2. Der Verein hat den Zweck, das Sportwesen zu f\u00f6rdern, den Geist&hellip;<\/p>\n","protected":false},"author":1,"featured_media":0,"parent":35,"menu_order":0,"comment_status":"closed","ping_status":"closed","template":"","meta":{"footnotes":""},"class_list":["post-48","page","type-page","status-publish","hentry"],"_links":{"self":[{"href":"https:\/\/fc-viechtach.de\/index.php?rest_route=\/wp\/v2\/pages\/48","targetHints":{"allow":["GET"]}}],"collection":[{"href":"https:\/\/fc-viechtach.de\/index.php?rest_route=\/wp\/v2\/pages"}],"about":[{"href":"https:\/\/fc-viechtach.de\/index.php?rest_route=\/wp\/v2\/types\/page"}],"author":[{"embeddable":true,"href":"https:\/\/fc-viechtach.de\/index.php?rest_route=\/wp\/v2\/users\/1"}],"replies":[{"embeddable":true,"href":"https:\/\/fc-viechtach.de\/index.php?rest_route=%2Fwp%2Fv2%2Fcomments&post=48"}],"version-history":[{"count":5,"href":"https:\/\/fc-viechtach.de\/index.php?rest_route=\/wp\/v2\/pages\/48\/revisions"}],"predecessor-version":[{"id":406,"href":"https:\/\/fc-viechtach.de\/index.php?rest_route=\/wp\/v2\/pages\/48\/revisions\/406"}],"up":[{"embeddable":true,"href":"https:\/\/fc-viechtach.de\/index.php?rest_route=\/wp\/v2\/pages\/35"}],"wp:attachment":[{"href":"https:\/\/fc-viechtach.de\/index.php?rest_route=%2Fwp%2Fv2%2Fmedia&parent=48"}],"curies":[{"name":"wp","href":"https:\/\/api.w.org\/{rel}","templated":true}]}}