{"id":38,"date":"2017-11-27T16:50:52","date_gmt":"2017-11-27T15:50:52","guid":{"rendered":"http:\/\/fc-viechtach.de\/?page_id=38"},"modified":"2024-05-16T10:24:28","modified_gmt":"2024-05-16T09:24:28","slug":"vorstandschaft","status":"publish","type":"page","link":"https:\/\/fc-viechtach.de\/?page_id=38","title":{"rendered":"Vereinsf\u00fchrung"},"content":{"rendered":"<div id=\"imContentContainer\">\n<div id=\"imContent\">\n<div id=\"imPageRow_1\" class=\"imPageRow\">\n<div id=\"imPageRowContent_1\" class=\"imContentDataContainer\">\n<div id=\"imGroup_1\" class=\"imHGroup\">\n<div id=\"imCell_2\" class=\"\">\n<div><span style=\"font-size: 12pt;\"><em><span style=\"color: #0000ff;\">(gew\u00e4hlt am 13. April 2024 f\u00fcr die Amtsdauer von zwei Jahren)<\/span><\/em><\/span><\/div>\n<\/div>\n<div><\/div>\n<div><span style=\"color: #ffffff;\">_<\/span><\/div>\n<div><\/div>\n<\/div>\n<\/div>\n<\/div>\n<div>\n<table style=\"height: 408px; width: 92.124681%;\">\n<tbody>\n<tr style=\"height: 24px;\">\n<td style=\"width: 161px; height: 24px;\"><span style=\"font-size: 12pt;\"><em><span style=\"font-family: helvetica, arial, sans-serif;\"><strong>Martin W\u00fchr<\/strong><\/span><\/em><\/span><\/td>\n<td style=\"width: 165px; height: 24px;\"><span style=\"font-size: 12pt;\"><em><span style=\"font-family: helvetica, arial, sans-serif;\">1. Vorsitzender<\/span><\/em><\/span><\/td>\n<\/tr>\n<tr style=\"height: 24px;\">\n<td style=\"width: 161px; height: 24px;\"><span style=\"font-size: 12pt;\"><em><span style=\"font-family: helvetica, arial, sans-serif;\"><strong>Franz Lobmeier<br \/>\n<\/strong><\/span><\/em><\/span><\/td>\n<td style=\"width: 165px; height: 24px;\"><span style=\"font-size: 12pt;\"><em><span style=\"font-family: helvetica, arial, sans-serif;\">2. Vorsitzender<\/span><\/em><\/span><\/td>\n<\/tr>\n<tr style=\"height: 24px;\">\n<td style=\"width: 161px; height: 24px;\"><span style=\"font-size: 12pt;\"><em><span style=\"font-family: helvetica, arial, sans-serif;\"><strong>Stefan Ebner<\/strong><\/span><\/em><\/span><\/td>\n<td style=\"width: 165px; height: 24px;\"><span style=\"font-size: 12pt;\"><em><span style=\"font-family: helvetica, arial, sans-serif;\">3. Vorsitzender<\/span><\/em><\/span><\/td>\n<\/tr>\n<tr style=\"height: 24px;\">\n<td style=\"width: 161px; height: 24px;\"><span style=\"font-size: 12pt;\"><em><span style=\"font-family: helvetica, arial, sans-serif;\"><strong>Florian Dirnberger<br \/>\n<\/strong><\/span><\/em><\/span><\/td>\n<td style=\"width: 165px; height: 24px;\"><span style=\"font-size: 12pt;\"><em><span style=\"font-family: helvetica, arial, sans-serif;\">Kassier<\/span><\/em><\/span><\/td>\n<\/tr>\n<tr style=\"height: 24px;\">\n<td style=\"width: 161px; height: 24px;\"><span style=\"font-size: 12pt;\"><em><span style=\"font-family: helvetica, arial, sans-serif;\"><strong>Claudia Probst<\/strong><\/span><\/em><\/span><\/td>\n<td style=\"width: 165px; height: 24px;\"><span style=\"font-size: 12pt;\"><em><span style=\"font-family: helvetica, arial, sans-serif;\">Schriftf\u00fchrerin<\/span><\/em><\/span><\/td>\n<\/tr>\n<tr style=\"height: 24px;\">\n<td style=\"width: 161px; height: 24px;\"><span style=\"font-size: 12pt;\"><em><span style=\"font-family: helvetica, arial, sans-serif;\"><strong>\u00a0<\/strong><\/span><\/em><\/span><\/td>\n<td style=\"width: 165px; height: 24px;\"><span style=\"font-size: 12pt;\"><em><span style=\"font-family: helvetica, arial, sans-serif;\">\u00a0<\/span><\/em><\/span><\/td>\n<\/tr>\n<tr style=\"height: 24px;\">\n<td style=\"width: 161px; height: 24px;\"><span style=\"font-size: 12pt;\"><em><span style=\"font-family: helvetica, arial, sans-serif;\"><strong>Tobias Grassl<\/strong><\/span><\/em><\/span><\/td>\n<td style=\"width: 165px; height: 24px;\"><span style=\"font-size: 12pt;\"><em><span style=\"font-family: helvetica, arial, sans-serif;\">Sportlicher Leiter<\/span><\/em><\/span><\/td>\n<\/tr>\n<tr style=\"height: 24px;\">\n<td style=\"width: 161px; height: 24px;\"><span style=\"font-size: 12pt;\"><em><span style=\"font-family: helvetica, arial, sans-serif;\"><strong>Tobias Eckl<\/strong><\/span><\/em><\/span><\/td>\n<td style=\"width: 165px; height: 24px;\"><span style=\"font-size: 12pt;\"><em><span style=\"font-family: helvetica, arial, sans-serif;\">Leiter Herrenabteilung<\/span><\/em><\/span><\/td>\n<\/tr>\n<tr style=\"height: 24px;\">\n<td style=\"width: 161px; height: 24px;\"><span style=\"font-size: 12pt;\"><em><span style=\"font-family: helvetica, arial, sans-serif;\"><strong>Bastian Lobmeier<\/strong><\/span><\/em><\/span><\/td>\n<td style=\"width: 165px; height: 24px;\"><span style=\"font-size: 12pt;\"><em><span style=\"font-family: helvetica, arial, sans-serif;\">Jugendkoordinator<\/span><\/em><\/span><\/td>\n<\/tr>\n<tr style=\"height: 24px;\">\n<td style=\"width: 161px; height: 24px;\"><span style=\"font-size: 12pt;\"><em><span style=\"font-family: helvetica, arial, sans-serif;\"><strong>Xaver Bauer<\/strong><\/span><\/em><\/span><\/td>\n<td style=\"width: 165px; height: 24px;\"><span style=\"font-size: 12pt;\"><em><span style=\"font-family: helvetica, arial, sans-serif;\">Jugendleiter Gro\u00dffeld + Leitung Damen<\/span><\/em><\/span><\/td>\n<\/tr>\n<tr style=\"height: 24px;\">\n<td style=\"width: 161px; height: 24px;\"><span style=\"font-size: 12pt;\"><em><span style=\"font-family: helvetica, arial, sans-serif;\"><strong>G\u00fcnter Amberger<br \/>\n<\/strong><\/span><\/em><\/span><\/td>\n<td style=\"width: 165px; height: 24px;\"><span style=\"font-size: 12pt;\"><em><span style=\"font-family: helvetica, arial, sans-serif;\">Jugendleiter Kleinfeld<\/span><\/em><\/span><\/td>\n<\/tr>\n<tr style=\"height: 24px;\">\n<td style=\"width: 161px; height: 24px;\"><span style=\"font-size: 12pt;\"><em><span style=\"font-family: helvetica, arial, sans-serif;\"><strong>Matthias Probst<br \/>\n<\/strong><\/span><\/em><\/span><\/td>\n<td style=\"width: 165px; height: 24px;\"><span style=\"font-size: 12pt;\"><em><span style=\"font-family: helvetica, arial, sans-serif;\">Aktivensprecher<\/span><\/em><\/span><\/td>\n<\/tr>\n<tr style=\"height: 24px;\">\n<td style=\"width: 161px; height: 24px;\"><span style=\"font-size: 12pt;\"><em><span style=\"font-family: helvetica, arial, sans-serif;\"><strong>Martin Menacher<\/strong><\/span><\/em><\/span><\/td>\n<td style=\"width: 165px; height: 24px;\"><span style=\"font-size: 12pt;\"><em><span style=\"font-family: helvetica, arial, sans-serif;\">Passivensprecher<\/span><\/em><\/span><\/td>\n<\/tr>\n<tr style=\"height: 24px;\">\n<td style=\"width: 161px; height: 24px;\"><\/td>\n<td style=\"width: 165px; height: 24px;\"><\/td>\n<\/tr>\n<tr style=\"height: 24px;\">\n<td style=\"width: 161px; height: 24px;\"><span style=\"font-size: 12pt;\"><em><span style=\"font-family: helvetica, arial, sans-serif;\"><strong>Jennifer Bielmeier<\/strong><\/span><\/em><\/span><\/td>\n<td style=\"width: 165px; height: 24px;\"><span style=\"font-size: 12pt;\"><em><span style=\"font-family: helvetica, arial, sans-serif;\">Ehrenamtsbeauftragter<\/span><\/em><\/span><\/td>\n<\/tr>\n<tr style=\"height: 24px;\">\n<td style=\"width: 161px; height: 24px;\"><span style=\"font-size: 12pt;\"><em><span style=\"font-family: helvetica, arial, sans-serif;\"><strong>Franz Obermeier<br \/>\n<\/strong><\/span><\/em><\/span><\/td>\n<td style=\"width: 165px; height: 24px;\"><span style=\"font-size: 12pt;\"><em><span style=\"font-family: helvetica, arial, sans-serif;\">Platz- und Ger\u00e4tewart<\/span><\/em><\/span><\/td>\n<\/tr>\n<tr style=\"height: 24px;\">\n<td style=\"width: 161px; height: 24px;\"><span style=\"font-size: 12pt;\"><strong><em><span style=\"font-family: helvetica, arial, sans-serif;\">Sebastian Raab<br \/>\n<\/span><\/em><\/strong><\/span><\/td>\n<td style=\"width: 165px; height: 24px;\"><span style=\"font-size: 12pt;\"><em><span style=\"font-family: helvetica, arial, sans-serif;\">Medienbeauftragter<\/span><\/em><\/span><\/td>\n<\/tr>\n<\/tbody>\n<\/table>\n<\/div>\n<\/div>\n<div><span style=\"font-size: 10pt;\">\u00a0<\/span><\/div>\n<div id=\"imContent\">\n<div><\/div>\n<div><\/div>\n<\/div>\n<\/div>\n","protected":false},"excerpt":{"rendered":"<p>(gew\u00e4hlt am 13. April 2024 f\u00fcr die Amtsdauer von zwei Jahren) _ Martin W\u00fchr 1. Vorsitzender Franz Lobmeier 2. Vorsitzender Stefan Ebner 3. Vorsitzender Florian Dirnberger Kassier Claudia Probst Schriftf\u00fchrerin \u00a0 \u00a0 Tobias Grassl Sportlicher Leiter Tobias Eckl Leiter Herrenabteilung Bastian Lobmeier Jugendkoordinator Xaver Bauer Jugendleiter Gro\u00dffeld + Leitung Damen G\u00fcnter Amberger Jugendleiter Kleinfeld Matthias&hellip;<\/p>\n","protected":false},"author":1,"featured_media":0,"parent":35,"menu_order":1,"comment_status":"closed","ping_status":"closed","template":"","meta":{"footnotes":""},"class_list":["post-38","page","type-page","status-publish","hentry"],"_links":{"self":[{"href":"https:\/\/fc-viechtach.de\/index.php?rest_route=\/wp\/v2\/pages\/38","targetHints":{"allow":["GET"]}}],"collection":[{"href":"https:\/\/fc-viechtach.de\/index.php?rest_route=\/wp\/v2\/pages"}],"about":[{"href":"https:\/\/fc-viechtach.de\/index.php?rest_route=\/wp\/v2\/types\/page"}],"author":[{"embeddable":true,"href":"https:\/\/fc-viechtach.de\/index.php?rest_route=\/wp\/v2\/users\/1"}],"replies":[{"embeddable":true,"href":"https:\/\/fc-viechtach.de\/index.php?rest_route=%2Fwp%2Fv2%2Fcomments&post=38"}],"version-history":[{"count":16,"href":"https:\/\/fc-viechtach.de\/index.php?rest_route=\/wp\/v2\/pages\/38\/revisions"}],"predecessor-version":[{"id":1196,"href":"https:\/\/fc-viechtach.de\/index.php?rest_route=\/wp\/v2\/pages\/38\/revisions\/1196"}],"up":[{"embeddable":true,"href":"https:\/\/fc-viechtach.de\/index.php?rest_route=\/wp\/v2\/pages\/35"}],"wp:attachment":[{"href":"https:\/\/fc-viechtach.de\/index.php?rest_route=%2Fwp%2Fv2%2Fmedia&parent=38"}],"curies":[{"name":"wp","href":"https:\/\/api.w.org\/{rel}","templated":true}]}}