{"id":2,"date":"2016-05-10T03:48:21","date_gmt":"2016-05-10T03:48:21","guid":{"rendered":"http:\/\/fc-viechtach.de\/?page_id=2"},"modified":"2025-12-17T22:03:15","modified_gmt":"2025-12-17T21:03:15","slug":"sample-page","status":"publish","type":"page","link":"https:\/\/fc-viechtach.de\/?page_id=2","title":{"rendered":"Aktuelles"},"content":{"rendered":"\n<p><strong>Stadtmeisterschaft 2025<br><br><\/strong>Auch in 2025 wird der Viechtacher Stadtmeister im Hallenfu\u00dfball gesucht.<br>Am 19.12 und am 20.12.2025 spielen in der Viechtacher Dreifachturnhalle 17 Teams um die Viechtacher Hallenkrone.<br>Beginn ist am Freitag um 19:00 Uhr, wenn die erste Vorrundengruppe mit f\u00fcnf Mannschaften ausgetragen wird.<br>Am Samstag spielen ab 10:00 die restlichen drei Gruppen mit je vier Teams die restliche Gruppenphase.<br>Die jeweiligen beiden Tabellenersten, sowie der Tabellendritte aus der 5-er Gruppe am Freitag sowie der beste Gruppendritte aus den Samstagsgruppen qualifizieren sich f\u00fcr die Zwischenrunde, in der ab 14:00 in zwei F\u00fcnfergruppen die vier Halbfinalisten ermittelt werden.<br><br><a href=\"https:\/\/fc-viechtach.de\/wp-content\/uploads\/2025\/12\/Freitag-2025.pdf\">Spielplan Freitag<\/a><br><a href=\"https:\/\/fc-viechtach.de\/wp-content\/uploads\/2025\/12\/Samstag-2025.pdf\">Spielplan Vorrunde Samstag<\/a><br><a href=\"https:\/\/fc-viechtach.de\/wp-content\/uploads\/2025\/12\/Samstag-Endrunde.pdf\">Spielplan Zwischen- &amp; Endrunde<\/a><\/p>\n\n\n\n\n\n<p style=\"text-align: center;\"><strong>Stadtmeisterschaft 2024<\/strong><\/p>\n<p>Am 20.12 und 21.12.2024 steigt in der Dreifachturnhalle die Hallenmeisterschaft 2024.<\/p>\n<p>Hier findet ihr die Spielpl\u00e4ne, die ihr \u00fcber den QR-Code live mitverfolgen k\u00f6nnt.<\/p>\n<p>Die teilnehmenden Mannschaften werden gebeten, sich sp\u00e4testens 30 Minuten vor ihrem ersten Spiel bei der Turnierleitung anzumelden.<\/p>\n<p>Der FCV freut sich auf ein spannendes, verletzungsfreies und faires Turnier mit seinen G\u00e4sten.<\/p>\n<p><a href=\"https:\/\/fc-viechtach.de\/wp-content\/uploads\/2024\/12\/Stmei_2024_Fr.pdf\">Spielplan Freitag<\/a><\/p>\n<p><a href=\"https:\/\/fc-viechtach.de\/wp-content\/uploads\/2024\/12\/Stmei_2024_Sa.pdf\">Spielplan Samstag<\/a><\/p>\n<p><a href=\"https:\/\/fc-viechtach.de\/wp-content\/uploads\/2024\/12\/Stmei_2024_Endrunde.pdf\">Spielplan Endrunde Samstag<\/a><\/p>\n\n\n\n<hr>\n<p>&nbsp;<\/p>\n\n\n\n<p style=\"text-align: center;\"><strong>FCV-Fanshop<\/strong><\/p>\n<p>Neben dem Team-Shop von JAKO (siehe unten), in dem ihr weiterhin die offizielle FCV-Kleidung bestellen k\u00f6nnt, gibt es seit diesem Jahr auch einen Fan-Shop.&nbsp;<br>In Zusammenarbeit mit MYTEAMSHOP findet ihr unter folgendem Link hochwertiges FCV Merchandise wie Pullover, Tassen oder Brotzeitbrettl.<br>Viel Spa\u00df beim Shoppen!&nbsp;<br><a href=\"https:\/\/fc-viechtach.myteamshop.de\/\">https:\/\/fc-viechtach.myteamshop.de\/<\/a><\/p>\n<hr>\n<p>&nbsp;<\/p>\n\n\n\n\n\n<p class=\"has-text-align-center\"><strong>Fischl Logistik Cup 2022<\/strong><br><br>Am 09.07 und 10.07.2022 fanden auf der Regeninsel Jugendturnier von der G- Jugend bis zur E- Jugend unter der Schirmherrschaft der Fischl&amp; Sohn GmbH statt.<br>Bilder der Turniertage findet ihr unter &#8222;Mannschaften&#8220; &#8211; &#8222;Junioren&#8220;. <br>Viel Spa\u00df beim Durchklicken!  <\/p>\n\n\n\n<p class=\"has-text-align-center\"><strong>FCV-Teamshop<\/strong><\/p>\n\n\n\n<p>In Kooperation mit SportShop Bielmeier in Viechtach, k\u00f6nnt Ihr jetzt alle Artikel ganz einfach online bestellen.<br>Unter folgendem Link findet Ihr den FCV Shop, wo Ihr euch bestens mit allen Artikeln eindecken k\u00f6nnt.<\/p>\n\n\n\n<p><a href=\"https:\/\/www.jako.de\/de\/team\/1_fc_viechtach\/\">https:\/\/www.jako.de\/de\/team\/1_fc_viechtach\/<\/a><\/p>\n\n\n\n<p class=\"has-text-align-center\"><strong>Jahreshauptversammlung 2022<\/strong><br>Nachdem die JHV 2021 coronabedingt nur im kleinsten Kreis abgehalten werden konnte, war am Samstag, 12.03.2022 bei Vereinswirt G\u00fcnther Klein im Blossersberger Keller wieder eine Versammlung anberaumt, die, unter Ber\u00fccksichtigung der aktuellen Corona-Regelungen, allen Mitgliedern offen stand.<br>Um einen Einblick in das Vereinsleben des FCV im Jahr 2021 zu schaffen, ist die Pr\u00e4sentation der Vortr\u00e4ge hier abrufbar. <br><br>Der FCV w\u00fcnscht viel Spa\u00df beim durchbl\u00e4ttern. <br><br><\/p>\n\n\n\n<div class=\"wp-block-file\"><a href=\"https:\/\/fc-viechtach.de\/wp-content\/uploads\/2022\/03\/Praesentation-JHV-ueberarbeitet.pdf\">Pr\u00e4sentation JHV 2022<\/a><a href=\"https:\/\/fc-viechtach.de\/wp-content\/uploads\/2022\/03\/Praesentation-JHV-ueberarbeitet.pdf\" class=\"wp-block-file__button wp-element-button\" download>Herunterladen<\/a><\/div>\n\n\n\n<p><br><\/p>\n\n\n\n<div class=\"wp-block-group\"><div class=\"wp-block-group__inner-container is-layout-flow wp-block-group-is-layout-flow\">\n<div class=\"wp-block-columns is-layout-flex wp-container-core-columns-is-layout-9d6595d7 wp-block-columns-is-layout-flex\">\n<div class=\"wp-block-column is-layout-flow wp-block-column-is-layout-flow\" style=\"flex-basis:100%\">\n<figure class=\"wp-block-image alignwide\"><img loading=\"lazy\" decoding=\"async\" width=\"681\" height=\"433\" src=\"https:\/\/fc-viechtach.de\/wp-content\/uploads\/2021\/09\/Trikots-A-Jugend.jpg\" alt=\"\" class=\"wp-image-670\" srcset=\"https:\/\/fc-viechtach.de\/wp-content\/uploads\/2021\/09\/Trikots-A-Jugend.jpg 681w, https:\/\/fc-viechtach.de\/wp-content\/uploads\/2021\/09\/Trikots-A-Jugend-300x191.jpg 300w\" sizes=\"auto, (max-width: 681px) 100vw, 681px\" \/><figcaption class=\"wp-element-caption\"><strong>Fu\u00dfball schwei\u00dft zusammen \u2013 Trikot\u00fcbergabe an den 1.FC Viechtach<\/strong><br><br>Der Verpackungshersteller LINHARDT m\u00f6chte auf lokaler Ebene den Fu\u00dfball unterst\u00fctzen. Daher entschied man sich, die A-Jugend des 1.FC Viechtach mit einem neuen Trikotsatz auszustatten.<br><br>Die \u00dcbergabe der Trikots fand beim diesj\u00e4hrigen Saisonauftakt am 11.09. in Viechtach statt.<br>LINHARDT w\u00fcnscht den Jungs der A-Jugend vom 1. FC Viechtach f\u00fcr die kommenden Spiele viel Erfolg und Freude mit den neuen Trikots.<br><br>Der Verein bedankt sich herzlich f\u00fcr die Spende und freut sich auf die kommenden Saisons in den nagelneuen Trikots.<br><\/figcaption><\/figure>\n<\/div>\n<\/div>\n<\/div><\/div>\n\n\n\n<p><\/p>\n\n\n<p>20.03.2021<\/p>\n<p style=\"text-align: center;\"><span style=\"font-size: 14pt;\"><strong>1. FC Viechtach sieht sich gut ger\u00fcstet<\/strong><\/span><\/p>\n<p><strong>Viechtach.<\/strong> Obwohl der Spielbetrieb derzeit pandemiebedingt immer noch ruht, werden auch beim FC Viechtach die Weichen f\u00fcr die Zukunft gestellt.<\/p>\n<p>Um das gro\u00dfe Ziel Klassenerhalt in der Kreisliga Straubing zu verwirklichen, konnte mit Tobias Gschwendtner bereits im letzten Sommer ein absoluter Top-Mann f\u00fcr den Posten als Spielertrainer gewonnen werden. Der 35-j\u00e4hrige Eink\u00e4ufer bei einem namhaften Automobilhersteller hat seine Stiefel als Spieler schon f\u00fcr so namhafte Vereine wie den 1. FC Passau oder den SV Wacker Burghausen geschn\u00fcrt. Auch als Trainer kann er schon eine Menge Erfahrung (u.a. Co in Schalding-Heining und Chefanweiser in Bernried) vorweisen. Gschwendtner, der mit seiner Familie schon seit einiger Zeit im Stadtgebiet von Viechtach lebt, sei \u201eein absoluter Gl\u00fccksgriff f\u00fcr den Verein\u201c, so der sportliche Leiter Tommi Reisinger.<\/p>\n<p>Bis auf einen Spieler hat der komplette Kader f\u00fcr die neue Saison bereits zugesagt. Man ist aber derzeit trotzdem noch auf der Suche nach dem ein oder anderen Neuzugang f\u00fcr die beiden Seniorenmannschaften. Dies gestaltet sich ohne Zuhilfenahme finanzieller Mittel jedoch zunehmend schwieriger. Der Verein will aber weiterhin \u201ebewusst diesen Weg gehen und auf Eigengew\u00e4chse setzen\u201c, so Reisinger. Abteilungsleiter und Kaderplaner Mario Vogl kann daher auch schon Vollzug unter den eigenen Jugendspielern vermelden. Bereits 14 (!) gut ausgebildete A-Jugend Spieler haben f\u00fcr die neue Saison zugesagt. Ebenso hat das restliche Trainer- und Betreuer-Team f\u00fcr den Spielbetrieb in der n\u00e4chsten Saison seine Zusage gegeben.<\/p>\n<p>Aber auch au\u00dferhalb der Kaderplanung tut sich einiges im Verein. So wird in den n\u00e4chsten Tagen auf dem Trainingsplatz der Regeninsel eine neue energiesparende LED-Flutlichtbeleuchtung in Betrieb genommen. Bereits zum 100-j\u00e4hrigen Vereinsbestehen 2019 wurde die Sportanlage umfassend renoviert, u.a. wurden die Kabinen saniert, die Au\u00dfenanlage versch\u00f6nert und eine Dachgaube im Funktionsgeb\u00e4ude f\u00fcr die k\u00fcnftig geplanten BFV-Digitalangebotegebaut.<\/p>\n<p>Die Vereinsf\u00fchrung m\u00f6chte sich hierbei nochmals ausf\u00fchrlich bei der Stadtf\u00fchrung f\u00fcr die Unterst\u00fctzung und die gute Zusammenarbeit bedanken.<\/p>\n<p>F\u00fcr die Zukunft sieht sich der 1. FC 1919 Viechtach trotz der Corona-Pandemie gut aufgestellt. So konnten laut 1. Vorstand Martin W\u00fchr seit letztem Fr\u00fchjahr nur 2 Vereinsaustritte registriert werden.<\/p>\n<p>PNP Heimatsport vom 20.03.2021<\/p>\n<p>01.06.2018:<\/p>\n<p>Unsere \u00fcberarbeitete Homepage ist seit heute online!<\/p>\n<p>Viel Spa\u00df beim Durchklicken!<\/p>\n\n<noscript class=\"ninja-forms-noscript-message\">\n\tHinweis: F\u00fcr diesen Inhalt ist JavaScript erforderlich.<\/noscript>\n<div id=\"nf-form-1-cont\" class=\"nf-form-cont\" aria-live=\"polite\" aria-labelledby=\"nf-form-title-1\" aria-describedby=\"nf-form-errors-1\" role=\"form\">\n\n    <div class=\"nf-loading-spinner\"><\/div>\n\n<\/div>\n        <!-- That data is being printed as a workaround to page builders reordering the order of the scripts loaded-->\n        <script>var formDisplay=1;var nfForms=nfForms||[];var form=[];form.id='1';form.settings={\"objectType\":\"Form Setting\",\"editActive\":true,\"title\":\"Kontakt\",\"key\":\"\",\"created_at\":\"2018-04-09 14:46:19\",\"default_label_pos\":\"above\",\"conditions\":[],\"show_title\":\"1\",\"clear_complete\":\"1\",\"hide_complete\":\"1\",\"wrapper_class\":\"\",\"element_class\":\"\",\"add_submit\":\"1\",\"logged_in\":\"\",\"not_logged_in_msg\":\"\",\"sub_limit_number\":\"\",\"sub_limit_msg\":\"\",\"calculations\":[],\"formContentData\":[\"name\",\"email\",\"nachricht_1523281686890\",\"senden_1523281692024\"],\"container_styles_background-color\":\"\",\"container_styles_border\":\"\",\"container_styles_border-style\":\"\",\"container_styles_border-color\":\"\",\"container_styles_color\":\"\",\"container_styles_height\":\"\",\"container_styles_width\":\"\",\"container_styles_font-size\":\"\",\"container_styles_margin\":\"\",\"container_styles_padding\":\"\",\"container_styles_display\":\"\",\"container_styles_float\":\"\",\"container_styles_show_advanced_css\":\"0\",\"container_styles_advanced\":\"\",\"title_styles_background-color\":\"\",\"title_styles_border\":\"\",\"title_styles_border-style\":\"\",\"title_styles_border-color\":\"\",\"title_styles_color\":\"\",\"title_styles_height\":\"\",\"title_styles_width\":\"\",\"title_styles_font-size\":\"\",\"title_styles_margin\":\"\",\"title_styles_padding\":\"\",\"title_styles_display\":\"\",\"title_styles_float\":\"\",\"title_styles_show_advanced_css\":\"0\",\"title_styles_advanced\":\"\",\"row_styles_background-color\":\"\",\"row_styles_border\":\"\",\"row_styles_border-style\":\"\",\"row_styles_border-color\":\"\",\"row_styles_color\":\"\",\"row_styles_height\":\"\",\"row_styles_width\":\"\",\"row_styles_font-size\":\"\",\"row_styles_margin\":\"\",\"row_styles_padding\":\"\",\"row_styles_display\":\"\",\"row_styles_show_advanced_css\":\"0\",\"row_styles_advanced\":\"\",\"row-odd_styles_background-color\":\"\",\"row-odd_styles_border\":\"\",\"row-odd_styles_border-style\":\"\",\"row-odd_styles_border-color\":\"\",\"row-odd_styles_color\":\"\",\"row-odd_styles_height\":\"\",\"row-odd_styles_width\":\"\",\"row-odd_styles_font-size\":\"\",\"row-odd_styles_margin\":\"\",\"row-odd_styles_padding\":\"\",\"row-odd_styles_display\":\"\",\"row-odd_styles_show_advanced_css\":\"0\",\"row-odd_styles_advanced\":\"\",\"success-msg_styles_background-color\":\"\",\"success-msg_styles_border\":\"\",\"success-msg_styles_border-style\":\"\",\"success-msg_styles_border-color\":\"\",\"success-msg_styles_color\":\"\",\"success-msg_styles_height\":\"\",\"success-msg_styles_width\":\"\",\"success-msg_styles_font-size\":\"\",\"success-msg_styles_margin\":\"\",\"success-msg_styles_padding\":\"\",\"success-msg_styles_display\":\"\",\"success-msg_styles_show_advanced_css\":\"0\",\"success-msg_styles_advanced\":\"\",\"error_msg_styles_background-color\":\"\",\"error_msg_styles_border\":\"\",\"error_msg_styles_border-style\":\"\",\"error_msg_styles_border-color\":\"\",\"error_msg_styles_color\":\"\",\"error_msg_styles_height\":\"\",\"error_msg_styles_width\":\"\",\"error_msg_styles_font-size\":\"\",\"error_msg_styles_margin\":\"\",\"error_msg_styles_padding\":\"\",\"error_msg_styles_display\":\"\",\"error_msg_styles_show_advanced_css\":\"0\",\"error_msg_styles_advanced\":\"\",\"changeEmailErrorMsg\":\"Bitte gib eine g\\u00fcltige E-Mail-Adresse ein.\",\"confirmFieldErrorMsg\":\"Diese Felder m\\u00fcssen \\u00fcbereinstimmen!\",\"fieldNumberNumMinError\":\"Die eingegebene Zahl ist zu klein.\",\"fieldNumberNumMaxError\":\"Die eingegebene Zahl ist zu gross.\",\"fieldNumberIncrementBy\":\"Bitte erh\\u00f6hen in Schritten von\",\"formErrorsCorrectErrors\":\"Bitte korrigiere die Fehler, bevor du das Formular sendest.\",\"validateRequiredField\":\"Dies ist ein Pflichtfeld.\",\"honeypotHoneypotError\":\"Honeypot-Fehler\",\"fieldsMarkedRequired\":\"Felder mit einem <span class=\\\"ninja-forms-req-symbol\\\">*<\\\/span> sind Pflichtfelder\",\"currency\":\"EUR\",\"unique_field_error\":\"A form with this value has already been submitted.\",\"drawerDisabled\":false,\"changeDateErrorMsg\":\"Bitte gib ein g\\u00fcltiges Datum ein!\",\"allow_public_link\":0,\"embed_form\":\"\",\"form_title_heading_level\":\"3\",\"ninjaForms\":\"Ninja Forms\",\"fieldTextareaRTEInsertLink\":\"Link einf\\u00fcgen\",\"fieldTextareaRTEInsertMedia\":\"Medien einf\\u00fcgen\",\"fieldTextareaRTESelectAFile\":\"Eine Datei ausw\\u00e4hlen\",\"tableInsertRowAbove\":\"Insert Row Above\",\"tableInsertRowBelow\":\"Insert Row Below\",\"tableInsertColumnLeft\":\"Insert Column Left\",\"tableInsertColumnRight\":\"Insert Column Right\",\"tableDeleteRow\":\"Delete Row\",\"tableDeleteColumn\":\"Delete Column\",\"tableDeleteTable\":\"Delete Table\",\"tableLegacyNotice\":\"This content has tables in the old editor format. Custom styles are preserved until converted. Editing will update to the new format.\",\"tableLegacyConvert\":\"Convert Now\",\"tableInsertTable\":\"Insert Table\",\"dismiss\":\"Verwerfen\",\"insertLink\":\"Link einf\\u00fcgen\",\"formHoneypot\":\"Falls du ein Mensch bist und dieses Feld siehst, dann lasse es bitte leer.\",\"fileUploadOldCodeFileUploadInProgress\":\"Datei-Upload l\\u00e4uft.\",\"fileUploadOldCodeFileUpload\":\"DATEI-UPLOAD\",\"currencySymbol\":\"&euro;\",\"thousands_sep\":\".\",\"decimal_point\":\",\",\"siteLocale\":\"de_DE\",\"dateFormat\":\"m\\\/d\\\/Y\",\"startOfWeek\":\"1\",\"of\":\"von\",\"previousMonth\":\"Vorheriger Monat\",\"nextMonth\":\"N\\u00e4chster Monat\",\"months\":[\"Januar\",\"Februar\",\"M\\u00e4rz\",\"April\",\"Mai\",\"Juni\",\"Juli\",\"August\",\"September\",\"Oktober\",\"November\",\"Dezember\"],\"monthsShort\":[\"Jan.\",\"Feb.\",\"M\\u00e4rz\",\"Apr.\",\"Mai\",\"Juni\",\"Juli\",\"Aug\",\"Sep.\",\"Okt.\",\"Nov.\",\"Dez.\"],\"weekdays\":[\"Sonntag\",\"Montag\",\"Dienstag\",\"Mittwoch\",\"Donnerstag\",\"Freitag\",\"Samstag\"],\"weekdaysShort\":[\"So.\",\"Mo.\",\"Di.\",\"Mi.\",\"Do.\",\"Fr.\",\"Sa.\"],\"weekdaysMin\":[\"So.\",\"Mo.\",\"Di.\",\"Mi.\",\"Do.\",\"Fr.\",\"Sa.\"],\"recaptchaConsentMissing\":\"reCaptcha validation couldn&#039;t load.\",\"recaptchaMissingCookie\":\"reCaptcha v3 validation couldn&#039;t load the cookie needed to submit the form.\",\"recaptchaConsentEvent\":\"Accept reCaptcha cookies before sending the form.\",\"currency_symbol\":\"&euro;\",\"beforeForm\":\"\",\"beforeFields\":\"\",\"afterFields\":\"\",\"afterForm\":\"\"};form.fields=[{\"objectType\":\"Field\",\"objectDomain\":\"fields\",\"editActive\":false,\"order\":1,\"idAttribute\":\"id\",\"label\":\"Name\",\"key\":\"name\",\"type\":\"textbox\",\"created_at\":\"2018-04-09 14:46:24\",\"label_pos\":\"above\",\"required\":1,\"placeholder\":\"\",\"default\":\"\",\"wrapper_class\":\"\",\"element_class\":\"\",\"container_class\":\"\",\"input_limit\":\"\",\"input_limit_type\":\"characters\",\"input_limit_msg\":\"Character(s) left\",\"manual_key\":\"\",\"disable_input\":\"\",\"admin_label\":\"\",\"help_text\":\"\",\"desc_text\":\"\",\"disable_browser_autocomplete\":\"\",\"mask\":\"\",\"custom_mask\":\"\",\"wrap_styles_background-color\":\"\",\"wrap_styles_border\":\"\",\"wrap_styles_border-style\":\"\",\"wrap_styles_border-color\":\"\",\"wrap_styles_color\":\"\",\"wrap_styles_height\":\"\",\"wrap_styles_width\":\"\",\"wrap_styles_font-size\":\"\",\"wrap_styles_margin\":\"\",\"wrap_styles_padding\":\"\",\"wrap_styles_display\":\"\",\"wrap_styles_float\":\"\",\"wrap_styles_show_advanced_css\":0,\"wrap_styles_advanced\":\"\",\"label_styles_background-color\":\"\",\"label_styles_border\":\"\",\"label_styles_border-style\":\"\",\"label_styles_border-color\":\"\",\"label_styles_color\":\"\",\"label_styles_height\":\"\",\"label_styles_width\":\"\",\"label_styles_font-size\":\"\",\"label_styles_margin\":\"\",\"label_styles_padding\":\"\",\"label_styles_display\":\"\",\"label_styles_float\":\"\",\"label_styles_show_advanced_css\":0,\"label_styles_advanced\":\"\",\"element_styles_background-color\":\"\",\"element_styles_border\":\"\",\"element_styles_border-style\":\"\",\"element_styles_border-color\":\"\",\"element_styles_color\":\"\",\"element_styles_height\":\"\",\"element_styles_width\":\"\",\"element_styles_font-size\":\"\",\"element_styles_margin\":\"\",\"element_styles_padding\":\"\",\"element_styles_display\":\"\",\"element_styles_float\":\"\",\"element_styles_show_advanced_css\":0,\"element_styles_advanced\":\"\",\"cellcid\":\"c3277\",\"custom_name_attribute\":\"\",\"personally_identifiable\":\"\",\"value\":\"\",\"id\":1,\"beforeField\":\"\",\"afterField\":\"\",\"parentType\":\"textbox\",\"element_templates\":[\"textbox\",\"input\"],\"old_classname\":\"\",\"wrap_template\":\"wrap\"},{\"objectType\":\"Field\",\"objectDomain\":\"fields\",\"editActive\":false,\"order\":2,\"idAttribute\":\"id\",\"label\":\"Email\",\"key\":\"email\",\"type\":\"email\",\"created_at\":\"2018-04-09 14:46:25\",\"label_pos\":\"above\",\"required\":1,\"placeholder\":\"\",\"default\":\"\",\"wrapper_class\":\"\",\"element_class\":\"\",\"container_class\":\"\",\"admin_label\":\"\",\"help_text\":\"\",\"desc_text\":\"\",\"wrap_styles_background-color\":\"\",\"wrap_styles_border\":\"\",\"wrap_styles_border-style\":\"\",\"wrap_styles_border-color\":\"\",\"wrap_styles_color\":\"\",\"wrap_styles_height\":\"\",\"wrap_styles_width\":\"\",\"wrap_styles_font-size\":\"\",\"wrap_styles_margin\":\"\",\"wrap_styles_padding\":\"\",\"wrap_styles_display\":\"\",\"wrap_styles_float\":\"\",\"wrap_styles_show_advanced_css\":0,\"wrap_styles_advanced\":\"\",\"label_styles_background-color\":\"\",\"label_styles_border\":\"\",\"label_styles_border-style\":\"\",\"label_styles_border-color\":\"\",\"label_styles_color\":\"\",\"label_styles_height\":\"\",\"label_styles_width\":\"\",\"label_styles_font-size\":\"\",\"label_styles_margin\":\"\",\"label_styles_padding\":\"\",\"label_styles_display\":\"\",\"label_styles_float\":\"\",\"label_styles_show_advanced_css\":0,\"label_styles_advanced\":\"\",\"element_styles_background-color\":\"\",\"element_styles_border\":\"\",\"element_styles_border-style\":\"\",\"element_styles_border-color\":\"\",\"element_styles_color\":\"\",\"element_styles_height\":\"\",\"element_styles_width\":\"\",\"element_styles_font-size\":\"\",\"element_styles_margin\":\"\",\"element_styles_padding\":\"\",\"element_styles_display\":\"\",\"element_styles_float\":\"\",\"element_styles_show_advanced_css\":0,\"element_styles_advanced\":\"\",\"cellcid\":\"c3281\",\"custom_name_attribute\":\"email\",\"personally_identifiable\":1,\"value\":\"\",\"id\":2,\"beforeField\":\"\",\"afterField\":\"\",\"parentType\":\"email\",\"element_templates\":[\"email\",\"input\"],\"old_classname\":\"\",\"wrap_template\":\"wrap\"},{\"objectType\":\"Field\",\"objectDomain\":\"fields\",\"editActive\":false,\"order\":3,\"idAttribute\":\"id\",\"label\":\"Nachricht\",\"key\":\"nachricht_1523281686890\",\"type\":\"textarea\",\"created_at\":\"2018-04-09 14:46:25\",\"label_pos\":\"above\",\"required\":1,\"placeholder\":\"\",\"default\":\"\",\"wrapper_class\":\"\",\"element_class\":\"\",\"container_class\":\"\",\"input_limit\":\"\",\"input_limit_type\":\"characters\",\"input_limit_msg\":\"Character(s) left\",\"manual_key\":\"\",\"disable_input\":\"\",\"admin_label\":\"\",\"help_text\":\"\",\"desc_text\":\"\",\"disable_browser_autocomplete\":\"\",\"textarea_rte\":\"\",\"disable_rte_mobile\":\"\",\"textarea_media\":\"\",\"wrap_styles_background-color\":\"\",\"wrap_styles_border\":\"\",\"wrap_styles_border-style\":\"\",\"wrap_styles_border-color\":\"\",\"wrap_styles_color\":\"\",\"wrap_styles_height\":\"\",\"wrap_styles_width\":\"\",\"wrap_styles_font-size\":\"\",\"wrap_styles_margin\":\"\",\"wrap_styles_padding\":\"\",\"wrap_styles_display\":\"\",\"wrap_styles_float\":\"\",\"wrap_styles_show_advanced_css\":0,\"wrap_styles_advanced\":\"\",\"label_styles_background-color\":\"\",\"label_styles_border\":\"\",\"label_styles_border-style\":\"\",\"label_styles_border-color\":\"\",\"label_styles_color\":\"\",\"label_styles_height\":\"\",\"label_styles_width\":\"\",\"label_styles_font-size\":\"\",\"label_styles_margin\":\"\",\"label_styles_padding\":\"\",\"label_styles_display\":\"\",\"label_styles_float\":\"\",\"label_styles_show_advanced_css\":0,\"label_styles_advanced\":\"\",\"element_styles_background-color\":\"\",\"element_styles_border\":\"\",\"element_styles_border-style\":\"\",\"element_styles_border-color\":\"\",\"element_styles_color\":\"\",\"element_styles_height\":\"\",\"element_styles_width\":\"\",\"element_styles_font-size\":\"\",\"element_styles_margin\":\"\",\"element_styles_padding\":\"\",\"element_styles_display\":\"\",\"element_styles_float\":\"\",\"element_styles_show_advanced_css\":0,\"element_styles_advanced\":\"\",\"cellcid\":\"c3284\",\"drawerDisabled\":false,\"value\":\"\",\"id\":3,\"beforeField\":\"\",\"afterField\":\"\",\"parentType\":\"textarea\",\"element_templates\":[\"textarea\",\"input\"],\"old_classname\":\"\",\"wrap_template\":\"wrap\"},{\"objectType\":\"Field\",\"objectDomain\":\"fields\",\"editActive\":false,\"order\":5,\"idAttribute\":\"id\",\"label\":\"Senden\",\"key\":\"senden_1523281692024\",\"type\":\"submit\",\"created_at\":\"2018-04-09 14:46:25\",\"processing_label\":\"Processing\",\"container_class\":\"\",\"element_class\":\"\",\"wrap_styles_background-color\":\"\",\"wrap_styles_border\":\"\",\"wrap_styles_border-style\":\"\",\"wrap_styles_border-color\":\"\",\"wrap_styles_color\":\"\",\"wrap_styles_height\":\"\",\"wrap_styles_width\":\"\",\"wrap_styles_font-size\":\"\",\"wrap_styles_margin\":\"\",\"wrap_styles_padding\":\"\",\"wrap_styles_display\":\"\",\"wrap_styles_float\":\"\",\"wrap_styles_show_advanced_css\":0,\"wrap_styles_advanced\":\"\",\"label_styles_background-color\":\"\",\"label_styles_border\":\"\",\"label_styles_border-style\":\"\",\"label_styles_border-color\":\"\",\"label_styles_color\":\"\",\"label_styles_height\":\"\",\"label_styles_width\":\"\",\"label_styles_font-size\":\"\",\"label_styles_margin\":\"\",\"label_styles_padding\":\"\",\"label_styles_display\":\"\",\"label_styles_float\":\"\",\"label_styles_show_advanced_css\":0,\"label_styles_advanced\":\"\",\"element_styles_background-color\":\"\",\"element_styles_border\":\"\",\"element_styles_border-style\":\"\",\"element_styles_border-color\":\"\",\"element_styles_color\":\"\",\"element_styles_height\":\"\",\"element_styles_width\":\"\",\"element_styles_font-size\":\"\",\"element_styles_margin\":\"\",\"element_styles_padding\":\"\",\"element_styles_display\":\"\",\"element_styles_float\":\"\",\"element_styles_show_advanced_css\":0,\"element_styles_advanced\":\"\",\"submit_element_hover_styles_background-color\":\"\",\"submit_element_hover_styles_border\":\"\",\"submit_element_hover_styles_border-style\":\"\",\"submit_element_hover_styles_border-color\":\"\",\"submit_element_hover_styles_color\":\"\",\"submit_element_hover_styles_height\":\"\",\"submit_element_hover_styles_width\":\"\",\"submit_element_hover_styles_font-size\":\"\",\"submit_element_hover_styles_margin\":\"\",\"submit_element_hover_styles_padding\":\"\",\"submit_element_hover_styles_display\":\"\",\"submit_element_hover_styles_float\":\"\",\"submit_element_hover_styles_show_advanced_css\":0,\"submit_element_hover_styles_advanced\":\"\",\"cellcid\":\"c3287\",\"drawerDisabled\":false,\"id\":4,\"beforeField\":\"\",\"afterField\":\"\",\"value\":\"\",\"label_pos\":\"above\",\"parentType\":\"textbox\",\"element_templates\":[\"submit\",\"button\",\"input\"],\"old_classname\":\"\",\"wrap_template\":\"wrap-no-label\"}];nfForms.push(form);<\/script>\n        ","protected":false},"excerpt":{"rendered":"<p>Stadtmeisterschaft 2025 Auch in 2025 wird der Viechtacher Stadtmeister im Hallenfu\u00dfball gesucht.Am 19.12 und am 20.12.2025 spielen in der Viechtacher Dreifachturnhalle 17 Teams um die Viechtacher Hallenkrone.Beginn ist am Freitag um 19:00 Uhr, wenn die erste Vorrundengruppe mit f\u00fcnf Mannschaften ausgetragen wird.Am Samstag spielen ab 10:00 die restlichen drei Gruppen mit je vier Teams die&hellip;<\/p>\n","protected":false},"author":1,"featured_media":0,"parent":0,"menu_order":0,"comment_status":"closed","ping_status":"closed","template":"","meta":{"footnotes":""},"class_list":["post-2","page","type-page","status-publish","hentry"],"_links":{"self":[{"href":"https:\/\/fc-viechtach.de\/index.php?rest_route=\/wp\/v2\/pages\/2","targetHints":{"allow":["GET"]}}],"collection":[{"href":"https:\/\/fc-viechtach.de\/index.php?rest_route=\/wp\/v2\/pages"}],"about":[{"href":"https:\/\/fc-viechtach.de\/index.php?rest_route=\/wp\/v2\/types\/page"}],"author":[{"embeddable":true,"href":"https:\/\/fc-viechtach.de\/index.php?rest_route=\/wp\/v2\/users\/1"}],"replies":[{"embeddable":true,"href":"https:\/\/fc-viechtach.de\/index.php?rest_route=%2Fwp%2Fv2%2Fcomments&post=2"}],"version-history":[{"count":36,"href":"https:\/\/fc-viechtach.de\/index.php?rest_route=\/wp\/v2\/pages\/2\/revisions"}],"predecessor-version":[{"id":1256,"href":"https:\/\/fc-viechtach.de\/index.php?rest_route=\/wp\/v2\/pages\/2\/revisions\/1256"}],"wp:attachment":[{"href":"https:\/\/fc-viechtach.de\/index.php?rest_route=%2Fwp%2Fv2%2Fmedia&parent=2"}],"curies":[{"name":"wp","href":"https:\/\/api.w.org\/{rel}","templated":true}]}}