{"id":175,"date":"2018-04-09T14:07:57","date_gmt":"2018-04-09T13:07:57","guid":{"rendered":"http:\/\/fc-viechtach.de\/?page_id=175"},"modified":"2018-05-14T15:01:25","modified_gmt":"2018-05-14T14:01:25","slug":"sponsoren","status":"publish","type":"page","link":"https:\/\/fc-viechtach.de\/?page_id=175","title":{"rendered":"Sponsoren"},"content":{"rendered":"<h3 style=\"text-align: center;\"><span style=\"color: #0000ff;\">Wir bedanken uns bei allen Sponsoren,<\/span><br \/>\n<span style=\"color: #0000ff;\"> ohne die ein Spielbetrieb und die Betreuung aller Mannschaften nicht m\u00f6glich w\u00e4re.<\/span><\/h3>\n<table style=\"border-color: #000000; background-color: #ffffff; height: 1012px; width: 688.434px;\" border=\"1\" cellspacing=\"0\" align=\"left\" bgcolor=\"#ffffff\">\n<tbody>\n<tr style=\"height: 17.3576px;\" bgcolor=\"#ffffff\">\n<td style=\"width: 683.819px; height: 17.3576px;\" colspan=\"5\" bgcolor=\"#EEEEEE\"><\/td>\n<\/tr>\n<tr style=\"height: 25px;\" bgcolor=\"#ffffff\">\n<td style=\"width: 129.375px; height: 25px;\" align=\"center\" valign=\"middle\"><a href=\"http:\/\/www.amplus.ag\" target=\"_new\">amplus ag<\/a><\/td>\n<td style=\"width: 136.042px; height: 25px;\" align=\"center\" valign=\"middle\"><a href=\"http:\/\/www.fischl-sohn.de\" target=\"_new\">Fischl &amp; Sohn<\/a><\/td>\n<td style=\"width: 136.042px; height: 25px;\" align=\"center\" valign=\"middle\"><a class=\"FC-SchriftKlein\" href=\"http:\/\/www.gb-brauerei.de\" target=\"_new\">GB Viechtach<\/a><\/td>\n<td style=\"width: 137.153px; height: 25px;\" align=\"center\" valign=\"middle\"><a class=\"FC-SchriftKlein\" href=\"http:\/\/www.haimerl-bau.de\" target=\"_new\">Haimerl Bau<\/a><\/td>\n<td style=\"width: 129.375px; height: 25px;\" align=\"center\" valign=\"middle\"><a href=\"http:\/\/www.schiller-metzger.de\/\" target=\"_new\">Schiller Metzger<\/a><\/td>\n<\/tr>\n<tr style=\"height: 21px;\" bgcolor=\"#ffffff\">\n<td style=\"width: 683.819px; height: 21px;\" colspan=\"5\" align=\"center\" valign=\"middle\">&#8230;<\/td>\n<\/tr>\n<tr style=\"height: 21px;\" bgcolor=\"#ffffff\">\n<td style=\"width: 129.375px; height: 21px;\" align=\"center\" valign=\"middle\">Sch\u00fctzenhaus<\/td>\n<td style=\"width: 136.042px; height: 21px;\" align=\"center\" valign=\"middle\">Bella Italia<\/td>\n<td style=\"width: 136.042px; height: 21px;\" align=\"center\" valign=\"middle\"><a href=\"http:\/\/www.taxi-viechtach.de\" target=\"_new\">Taxi Viechtach<\/a><\/td>\n<td style=\"width: 137.153px; height: 21px;\" align=\"center\" valign=\"middle\"><a href=\"http:\/\/www.fritzoffice.de\" target=\"_new\">fritzOffice<\/a><\/td>\n<td style=\"width: 129.375px; height: 21px;\" align=\"center\" valign=\"middle\"><a href=\"http:\/\/www.kanzlei-viechtach.de\" target=\"_new\">Kanzlei Viechtach<\/a><\/td>\n<\/tr>\n<tr style=\"height: 21px;\" bgcolor=\"#ffffff\">\n<td style=\"width: 683.819px; height: 21px;\" colspan=\"5\" align=\"center\" valign=\"middle\">&#8230;<\/td>\n<\/tr>\n<tr style=\"height: 44px;\" bgcolor=\"#ffffff\">\n<td style=\"width: 129.375px; height: 44px;\" align=\"center\" valign=\"middle\"><a href=\"http:\/\/www.reifen-eckmann.de\" target=\"_new\">Reifen Eckmann<\/a><\/td>\n<td style=\"width: 136.042px; height: 44px;\" align=\"center\" valign=\"middle\"><a href=\"http:\/\/www.schlecht-heizung.de\" target=\"_new\">Heizung Schlecht<\/a><\/td>\n<td style=\"width: 136.042px; height: 44px;\" align=\"center\" valign=\"middle\"><a href=\"http:\/\/www.fenstertechnik-heimerl.de\" target=\"_new\">Fenstertechnik Heimerl<\/a><\/td>\n<td style=\"width: 137.153px; height: 44px;\" align=\"center\" valign=\"middle\"><a href=\"http:\/\/www.seniorenheim-regental.de\" target=\"_new\">Seniorenheim Regental<\/a><\/td>\n<td style=\"width: 129.375px; height: 44px;\" align=\"center\" valign=\"middle\"><a href=\"http:\/\/www.bmw-huebner.de\" target=\"_new\">Auto H\u00fcbner<\/a><\/td>\n<\/tr>\n<tr style=\"height: 21px;\" bgcolor=\"#ffffff\">\n<td style=\"width: 683.819px; height: 21px;\" colspan=\"5\" align=\"center\" valign=\"middle\">&#8230;<\/td>\n<\/tr>\n<tr style=\"height: 44px;\">\n<td style=\"width: 129.375px; height: 44px;\" align=\"center\" valign=\"middle\"><a title=\"http:\/\/www.fischl-bau.de\" href=\"http:\/\/www.fischl-bau.de\" target=\"_new\">Fischl Bau<\/a><\/td>\n<td style=\"width: 136.042px; height: 44px;\" align=\"center\" valign=\"middle\">Viechtacher K\u00fcchenstudio<\/td>\n<td style=\"width: 136.042px; height: 44px;\" align=\"center\" valign=\"middle\">Juwelier M\u00fchlbauer<\/td>\n<td style=\"width: 137.153px; height: 44px;\" align=\"center\" valign=\"middle\">Zimmerei Holzfurtner<\/td>\n<td style=\"width: 129.375px; height: 44px;\" align=\"center\" valign=\"middle\">Sch\u00f6tz Cosmetic<\/td>\n<\/tr>\n<tr style=\"height: 21px;\" bgcolor=\"#ffffff\">\n<td style=\"width: 683.819px; height: 21px;\" colspan=\"5\" align=\"center\" valign=\"middle\">&#8230;<\/td>\n<\/tr>\n<tr style=\"height: 44px;\">\n<td style=\"width: 129.375px; height: 44px;\" align=\"center\" valign=\"middle\"><a href=\"http:\/\/www.zuerich.de\" target=\"_new\">Zurich Ochsenbauer<\/a><\/td>\n<td style=\"width: 136.042px; height: 44px;\" align=\"center\" valign=\"middle\"><a title=\"http:\/\/www.bayerwald-tour.de\" href=\"http:\/\/www.bayerwald-tour.de\" target=\"_new\">bayerwaldtour<\/a><\/td>\n<td style=\"width: 136.042px; height: 44px;\" align=\"center\" valign=\"middle\"><a href=\"http:\/\/www.sparkasse-regen-viechtach.de\" target=\"_new\">Sparkasse Regen-Viechtach<\/a><\/td>\n<td style=\"width: 137.153px; height: 44px;\" align=\"center\" valign=\"middle\">Cafe Laumer<\/td>\n<td style=\"width: 129.375px; height: 44px;\" align=\"center\" valign=\"middle\"><a href=\"http:\/\/www.zimmerei-schiller.de\" target=\"_new\">Holzbau Schiller<\/a><\/td>\n<\/tr>\n<tr style=\"height: 21px;\" bgcolor=\"#ffffff\">\n<td style=\"width: 683.819px; height: 21px;\" colspan=\"5\" align=\"center\" valign=\"middle\">&#8230;<\/td>\n<\/tr>\n<tr style=\"height: 44px;\" bgcolor=\"#ffffff\">\n<td style=\"width: 129.375px; height: 44px;\" align=\"center\" valign=\"middle\">B\u00e4renapotheke Gierstorfer<\/td>\n<td style=\"width: 136.042px; height: 44px;\" align=\"center\" valign=\"middle\">Sanit\u00e4tshaus Gierstorfer<\/td>\n<td style=\"width: 136.042px; height: 44px;\" align=\"center\" valign=\"middle\"><a href=\"http:\/\/www.alfredangererkg.de\" target=\"_new\">Volvo Angerer<\/a><\/td>\n<td style=\"width: 137.153px; height: 44px;\" align=\"center\" valign=\"middle\"><a href=\"http:\/\/www.ergo.de\" target=\"_new\">ERGO<\/a><\/td>\n<td style=\"width: 129.375px; height: 44px;\" align=\"center\" valign=\"middle\">Spenglerei W\u00fchr<\/td>\n<\/tr>\n<tr style=\"height: 21px;\" bgcolor=\"#ffffff\">\n<td style=\"width: 683.819px; height: 21px;\" colspan=\"5\" align=\"center\" valign=\"middle\">&#8230;<\/td>\n<\/tr>\n<tr style=\"height: 44px;\" bgcolor=\"#ffffff\">\n<td style=\"width: 129.375px; height: 44px;\" align=\"center\" valign=\"middle\">Klein Steuerberatung<\/td>\n<td style=\"width: 136.042px; height: 44px;\" align=\"center\" valign=\"middle\"><a href=\"http:\/\/www.mf-invest.de\" target=\"_new\">mf-invest<\/a><\/td>\n<td style=\"width: 136.042px; height: 44px;\" align=\"center\" valign=\"middle\"><a href=\"http:\/\/www.gasthof-iglhaut.de\" target=\"_new\">Zum Iglhaut<\/a><\/td>\n<td style=\"width: 137.153px; height: 44px;\" align=\"center\" valign=\"middle\">Kristallmuseum Viechtach<\/td>\n<td style=\"width: 129.375px; height: 44px;\" align=\"center\" valign=\"middle\">Autohaus Tetek<\/td>\n<\/tr>\n<tr style=\"height: 21px;\" bgcolor=\"#ffffff\">\n<td style=\"width: 683.819px; height: 21px;\" colspan=\"5\" align=\"center\" valign=\"middle\">&#8230;<\/td>\n<\/tr>\n<tr style=\"height: 44px;\">\n<td style=\"width: 129.375px; height: 44px;\" align=\"center\" valign=\"middle\"><a href=\"http:\/\/www.laerchenholz-falter.de\" target=\"_new\">S\u00e4gewerk Falter<\/a><\/td>\n<td style=\"width: 136.042px; height: 44px;\" align=\"center\" valign=\"middle\"><a href=\"http:\/\/www.genobank-donauwald.de\" target=\"_new\">Genobank DonauWald<\/a><\/td>\n<td style=\"width: 136.042px; height: 44px;\" align=\"center\" valign=\"middle\"><a href=\"http:\/\/www.nutzfahrzeuge-gierlinger.de\" target=\"_new\">Autohaus Gierlinger<\/a><\/td>\n<td style=\"width: 137.153px; height: 44px;\" align=\"center\" valign=\"middle\"><a href=\"http:\/\/www.probst-pc.de\" target=\"_new\">Probst PC<\/a><\/td>\n<td style=\"width: 129.375px; height: 44px;\" align=\"center\" valign=\"middle\">Haarstudio life<\/td>\n<\/tr>\n<tr style=\"height: 21px;\" bgcolor=\"#ffffff\">\n<td style=\"width: 683.819px; height: 21px;\" colspan=\"5\" align=\"center\" valign=\"middle\">&#8230;<\/td>\n<\/tr>\n<tr style=\"height: 44px;\" bgcolor=\"#ffffff\">\n<td style=\"width: 129.375px; height: 44px;\" align=\"center\" valign=\"middle\"><a href=\"http:\/\/www.boettcher-energie.de\" target=\"_new\">B\u00f6ttcher Energie<\/a><\/td>\n<td style=\"width: 136.042px; height: 44px;\" align=\"center\" valign=\"middle\">Blumen Eisele<\/td>\n<td style=\"width: 136.042px; height: 44px;\" align=\"center\" valign=\"middle\"><a href=\"http:\/\/www.dimitri-akropolis.de\" target=\"_new\">Restaurant Akropolis<\/a><\/td>\n<td style=\"width: 137.153px; height: 44px;\" align=\"center\" valign=\"middle\"><a href=\"http:\/\/www.penzkofer-kachelofenbau.de\" target=\"_new\">Penzkofer Kachel\u00f6fen<\/a><\/td>\n<td style=\"width: 129.375px; height: 44px;\" align=\"center\" valign=\"middle\"><a href=\"http:\/\/www.fischl-sohn.de\" target=\"_new\">Steuerkanzlei Fischl<\/a><\/td>\n<\/tr>\n<tr style=\"height: 21px;\" bgcolor=\"#ffffff\">\n<td style=\"width: 683.819px; height: 21px;\" colspan=\"5\" align=\"center\" valign=\"middle\">&#8230;<\/td>\n<\/tr>\n<tr style=\"height: 44px;\" bgcolor=\"#ffffff\">\n<td style=\"width: 129.375px; height: 44px;\" align=\"center\" valign=\"middle\"><span class=\"FC-SchriftKleinTabelle\">M\u00f6nchshof Apotheke<\/span><\/td>\n<td style=\"width: 136.042px; height: 44px;\" align=\"center\" valign=\"middle\"><a href=\"http:\/\/www.fischl-tiefbau.de\" target=\"_new\">Fischl Tiefbau<\/a><\/td>\n<td style=\"width: 136.042px; height: 44px;\" align=\"center\" valign=\"middle\"><a href=\"http:\/\/www.altmann-spedition.de\" target=\"_new\">Spedition Altmann<\/a><\/td>\n<td style=\"width: 137.153px; height: 44px;\" align=\"center\" valign=\"middle\"><a href=\"http:\/\/www.baywa.de\" target=\"_new\">Baywa<\/a><\/td>\n<td style=\"width: 129.375px; height: 44px;\" align=\"center\" valign=\"middle\"><a href=\"http:\/\/www.schnitzmuehle.de\" target=\"_new\">Adventurecamp Schnitzm\u00fchle<\/a><\/td>\n<\/tr>\n<tr style=\"height: 21px;\" bgcolor=\"#ffffff\">\n<td style=\"width: 683.819px; height: 21px;\" colspan=\"5\" align=\"center\" valign=\"middle\">&#8230;<\/td>\n<\/tr>\n<tr style=\"height: 44px;\">\n<td style=\"width: 129.375px; height: 44px;\" align=\"center\" valign=\"middle\">bigs Geb\u00e4udeservice<\/td>\n<td style=\"width: 136.042px; height: 44px;\" align=\"center\" valign=\"middle\"><a href=\"http:\/\/www.fahrschule-b\u00f6er.de\" target=\"_new\">Fahrschule B\u00f6er<\/a><\/td>\n<td style=\"width: 136.042px; height: 44px;\" align=\"center\" valign=\"middle\"><a href=\"http:\/\/www.acris-cup.de\" target=\"_new\">acris Sportpokale<\/a><\/td>\n<td style=\"width: 137.153px; height: 44px;\" align=\"center\" valign=\"middle\"><span class=\"FC-SchriftKleinTabelle\">AutoFit Amberger<\/span><\/td>\n<td style=\"width: 129.375px; height: 44px;\" align=\"center\" valign=\"middle\">Pizzeria Ciao<\/td>\n<\/tr>\n<tr style=\"height: 21px;\" bgcolor=\"#ffffff\">\n<td style=\"width: 683.819px; height: 21px;\" colspan=\"5\" align=\"center\" valign=\"middle\">&#8230;<\/td>\n<\/tr>\n<tr style=\"height: 44px;\">\n<td style=\"width: 129.375px; height: 44px;\" align=\"center\" valign=\"middle\"><a href=\"http:\/\/www.schub.info\" target=\"_new\">Schub Handwerkstatt<\/a><\/td>\n<td style=\"width: 136.042px; height: 44px;\" align=\"center\" valign=\"middle\"><a href=\"http:\/\/www.aschenbrenner.de\" target=\"_new\">Reisecenter Aschenbrenner<\/a><\/td>\n<td style=\"width: 136.042px; height: 44px;\" align=\"center\" valign=\"middle\"><a href=\"http:\/\/www.steiger-steinbauer.de\" target=\"_new\">Arbeitsb\u00fchnen Steinbauer<\/a><\/td>\n<td style=\"width: 137.153px; height: 44px;\" align=\"center\" valign=\"middle\"><a href=\"http:\/\/www.elektro-schmelmer.de\" target=\"_new\">Elektro Schmelmer<\/a><\/td>\n<td style=\"width: 129.375px; height: 44px;\" align=\"center\" valign=\"middle\">Restaurant beim Tommy<\/td>\n<\/tr>\n<tr style=\"height: 21px;\" bgcolor=\"#ffffff\">\n<td style=\"width: 683.819px; height: 21px;\" colspan=\"5\" align=\"center\" valign=\"middle\">&#8230;<\/td>\n<\/tr>\n<tr style=\"height: 44px;\">\n<td style=\"width: 129.375px; height: 44px;\" align=\"center\" valign=\"middle\">Getr\u00e4nkemarkt Illing<\/td>\n<td style=\"width: 136.042px; height: 44px;\" align=\"center\" valign=\"middle\"><span class=\"FC-SchriftKleinTabelle\">Gasthof Pension Waldesruh<\/span><\/td>\n<td style=\"width: 136.042px; height: 44px;\" align=\"center\" valign=\"middle\"><a href=\"http:\/\/www.amberger-viechtach.de\" target=\"_new\">Elektro Amberger<\/a><\/td>\n<td style=\"width: 137.153px; height: 44px;\" align=\"center\" valign=\"middle\"><a href=\"http:\/\/www.glas-roetzer.de\" target=\"_new\">Glas R\u00f6tzer<\/a><\/td>\n<td style=\"width: 129.375px; height: 44px;\" align=\"center\" valign=\"middle\"><a href=\"http:\/\/www.druckerei-karl.de\" target=\"_new\">Druckerei Karl<\/a><\/td>\n<\/tr>\n<tr style=\"height: 21px;\" bgcolor=\"#ffffff\">\n<td style=\"width: 683.819px; height: 21px;\" colspan=\"5\" align=\"center\" valign=\"middle\">&#8230;<\/td>\n<\/tr>\n<tr style=\"height: 44px;\">\n<td style=\"width: 129.375px; height: 44px;\" align=\"center\" valign=\"middle\">Schnellimbiss eat&amp;drive<\/td>\n<td style=\"width: 136.042px; height: 44px;\" align=\"center\" valign=\"middle\">Zahnarzt Dr.Taubenhansl<\/td>\n<td style=\"width: 136.042px; height: 44px;\" align=\"center\" valign=\"middle\">Allfinanz Hans Gierl<\/td>\n<td style=\"width: 137.153px; height: 44px;\" align=\"center\" valign=\"middle\"><span class=\"FC-SchriftKleinTabelle\">Stra\u00dfenreinigung Egner<\/span><\/td>\n<td style=\"width: 129.375px; height: 44px;\" align=\"center\" valign=\"middle\"><span class=\"FC-SchriftKleinTabelle\">Jump In<\/span><\/td>\n<\/tr>\n<tr style=\"height: 21px;\" bgcolor=\"#ffffff\">\n<td style=\"width: 683.819px; height: 21px;\" colspan=\"5\" align=\"center\" valign=\"middle\">&#8230;<\/td>\n<\/tr>\n<tr style=\"height: 44px;\">\n<td style=\"width: 129.375px; height: 44px;\" align=\"center\" valign=\"middle\"><\/td>\n<td style=\"width: 136.042px; height: 44px;\" align=\"center\" valign=\"middle\"><a href=\"http:\/\/www.shoeways.de\" target=\"_new\">Shoeways<\/a><\/td>\n<td style=\"width: 136.042px; height: 44px;\" align=\"center\" valign=\"middle\">Malerbetrieb Penzkofer<\/td>\n<td style=\"width: 137.153px; height: 44px;\" align=\"center\" valign=\"middle\"><span class=\"FC-SchriftKleinTabelle\">Edelstahl Brem<\/span><\/td>\n<td style=\"width: 129.375px; height: 44px;\" align=\"center\" valign=\"middle\"><\/td>\n<\/tr>\n<tr style=\"height: 21px;\" bgcolor=\"#ffffff\">\n<td style=\"width: 683.819px; height: 21px;\" colspan=\"5\" align=\"center\" valign=\"middle\">&#8230;<\/td>\n<\/tr>\n<\/tbody>\n<\/table>\n<p style=\"text-align: center;\">\n","protected":false},"excerpt":{"rendered":"<p>Wir bedanken uns bei allen Sponsoren, ohne die ein Spielbetrieb und die Betreuung aller Mannschaften nicht m\u00f6glich w\u00e4re. amplus ag Fischl &amp; Sohn GB Viechtach Haimerl Bau Schiller Metzger &#8230; Sch\u00fctzenhaus Bella Italia Taxi Viechtach fritzOffice Kanzlei Viechtach &#8230; Reifen Eckmann Heizung Schlecht Fenstertechnik Heimerl Seniorenheim Regental Auto H\u00fcbner &#8230; Fischl Bau Viechtacher K\u00fcchenstudio Juwelier&hellip;<\/p>\n","protected":false},"author":1,"featured_media":0,"parent":0,"menu_order":4,"comment_status":"closed","ping_status":"closed","template":"","meta":{"footnotes":""},"class_list":["post-175","page","type-page","status-publish","hentry"],"_links":{"self":[{"href":"https:\/\/fc-viechtach.de\/index.php?rest_route=\/wp\/v2\/pages\/175","targetHints":{"allow":["GET"]}}],"collection":[{"href":"https:\/\/fc-viechtach.de\/index.php?rest_route=\/wp\/v2\/pages"}],"about":[{"href":"https:\/\/fc-viechtach.de\/index.php?rest_route=\/wp\/v2\/types\/page"}],"author":[{"embeddable":true,"href":"https:\/\/fc-viechtach.de\/index.php?rest_route=\/wp\/v2\/users\/1"}],"replies":[{"embeddable":true,"href":"https:\/\/fc-viechtach.de\/index.php?rest_route=%2Fwp%2Fv2%2Fcomments&post=175"}],"version-history":[{"count":10,"href":"https:\/\/fc-viechtach.de\/index.php?rest_route=\/wp\/v2\/pages\/175\/revisions"}],"predecessor-version":[{"id":416,"href":"https:\/\/fc-viechtach.de\/index.php?rest_route=\/wp\/v2\/pages\/175\/revisions\/416"}],"wp:attachment":[{"href":"https:\/\/fc-viechtach.de\/index.php?rest_route=%2Fwp%2Fv2%2Fmedia&parent=175"}],"curies":[{"name":"wp","href":"https:\/\/api.w.org\/{rel}","templated":true}]}}